{"id":2111,"date":"2013-04-20T19:12:23","date_gmt":"2013-04-20T17:12:23","guid":{"rendered":"http:\/\/ericlaugier.com\/web\/?page_id=2111"},"modified":"2014-07-14T21:39:10","modified_gmt":"2014-07-14T19:39:10","slug":"2-2","status":"publish","type":"page","link":"https:\/\/ericlaugier.com\/web\/ed-redon-ou-lhistoire-dun-marchand-de-sommeil\/2-2\/","title":{"rendered":"Ed Redon, ou l\u2019histoire d\u2019un marchand de sommeil &#8211; 2"},"content":{"rendered":"<p style=\"text-align: justify;\">L\u2019incident ne serait jamais intervenu si Ed avait continu\u00e9 \u00e0 suivre sans r\u00e9chigner les diverses recommandations de ses m\u00e9decins. Le probl\u00e8me, c\u2019est que l\u2019on a beau s\u2019appeler Ed et \u00eatre un gar\u00e7on somme toute assez consensuel, il n\u2019en reste pas moins que l\u2019envie de sortir des sentiers battus et franchir les limites du temp\u00e9rament adolescent se fait sentir tout de m\u00eame. Les proportions de la r\u00e9volte sont certes assez r\u00e9duites en terme de voilure : cela reste dans le fond l\u2019expression d\u2019une r\u00e9volte et bien souvent d\u2019un refus de se plier m\u00eame face aux choses qui peuvent se r\u00e9v\u00e9ler pr\u00e9judiciables si l\u2019on en respecte les accords inali\u00e9nables.<\/p>\n<p style=\"text-align: justify;\">Ed en \u00e9tait l\u00e0 mais il dut en payer le prix. Le fait qu\u2019il manque \u00e0 l\u2019observation de ses prescriptions m\u00e9dicales n\u2019\u00e9tait pas sans cons\u00e9quence et au contraire s\u2019av\u00e9rait particuli\u00e8rement dangereux. Ce qu\u2019il ignorait ou plut\u00f4t ce qu\u2019il ne voulait pas entendre, c\u2019est que sans traitement, sa maladie pouvait s\u2019exprimer dans son angle le plus aigu. La v\u00e9rit\u00e9 \u00e9tait que sans chimie pharmaceutique, Ed pouvait chuter dans un sommeil profond sans aucun signe avant coureur et avec une brutalit\u00e9 que l\u2019on a peine \u00e0 imaginer.<\/p>\n<p style=\"text-align: justify;\">C\u2019est ainsi qu\u2019il fut renvers\u00e9 par une voiture alors qu\u2019il traversait la rue et qu\u2019il avait interpell\u00e9 Em\u2019 pour la premi\u00e8re fois. Il avait pris son courage \u00e0 deux mains pour prononcer son pr\u00e9nom avec une voix suffisamment forte pour qu\u2019elle puisse l\u2019entendre alors qu\u2019elle \u00e9tait de l\u2019autre c\u00f4t\u00e9 de la rue et elle s\u2019\u00e9tait retourn\u00e9e pour une fois. D\u2019habitude, cet arr\u00eat et ce demi-tour de danseuse \u00e9tait restreint au petit film de ses r\u00eaves. Em\u2019 : c\u2019\u00e9tait son totem. C\u2019\u00e9tait la statue qui tr\u00f4nait fi\u00e8rement au milieu de son salon cardiaque. Mais comment faire pour lui faire comprendre cela dans la r\u00e9alit\u00e9 ? Comment faire pour lui faire entendre qu\u2019il y avait une autre r\u00e9alit\u00e9 dans laquelle, elle n\u2019\u00e9tait pas elle comme elle l\u2019\u00e9tait ici, mais qu\u2019elle \u00e9tait ailleurs, dans cette autre moiti\u00e9 de la r\u00e9alit\u00e9 d\u2019Ed.<\/p>\n<p style=\"text-align: justify;\">C\u2019est assez difficile \u00e0 expliquer en fin de compte mais Ed n\u2019avait pas une conception unique de la r\u00e9alit\u00e9. Sa maladie lui imposait une v\u00e9rit\u00e9 multiple et pourtant bien concr\u00e8te quoique puisse en dire le corps m\u00e9dical.<\/p>\n<p style=\"text-align: justify;\">\u201cAttention !\u201d<\/p>\n<p style=\"text-align: justify;\">Ce fut le dernier mot qu\u2019Ed entendit avant que la voiture qui sortait du rond-point empi\u00e8te sur le passage pi\u00e9ton sur lequel il s\u2019\u00e9tait engag\u00e9. Il y eut ensuite un long vide. Un espace-temps rempli de rien mais o\u00f9 le tout commen\u00e7a \u00e0 se m\u00e9langer.<\/p>\n<p style=\"text-align: center;\">***<\/p>\n<p style=\"text-align: justify;\">\u201cCa va ?\u201d<\/p>\n<p style=\"text-align: justify;\">Ce sont les premiers mots qu\u2019il entendit. Lorsqu\u2019il ouvrit les yeux, il trouva ceux de Emilie pos\u00e9s sur lui.<\/p>\n<p style=\"text-align: justify;\">\u201cQue s\u2019est-il pass\u00e9 ?\u201d murmura-t-il.<\/p>\n<p style=\"text-align: justify;\">Il regarda autour de lui et devina sans peine qu\u2019il \u00e9tait sur un lit d\u2019h\u00f4pital.<\/p>\n<p style=\"text-align: justify;\">\u201cTu as \u00e9t\u00e9 renvers\u00e9 par une voiture&#8230; Tu ne t\u2019en rappelles pas ?\u201d fit Em\u2019.<\/p>\n<p style=\"text-align: justify;\">Il fron\u00e7a les sourcils et commen\u00e7a \u00e0 vouloir se redresser mais plusieurs douleurs fulgurantes le rappel\u00e8rent \u00e0 l\u2019ordre.<\/p>\n<p style=\"text-align: justify;\">\u201cNon.\u201d<\/p>\n<p style=\"text-align: justify;\">Em\u2019 eut un pincement de l\u00e8vres. Elle sembla chercher ses mots puis elle poursuivit :<\/p>\n<p style=\"text-align: justify;\">\u201cEn vrai, tu t\u2019es \u00e9croul\u00e9 alors que tu traversais les clous&#8230; Et il y a eu la voiture qui n\u2019a pas pu t\u2019\u00e9viter.\u201d<\/p>\n<p style=\"text-align: justify;\">Ed avait le regard flou.<\/p>\n<p style=\"text-align: justify;\">\u201cAh ?\u201d<\/p>\n<p style=\"text-align: justify;\">Ce \u201cAh ?\u201d n\u2019\u00e9tait pas uniquement destin\u00e9 \u00e0 Emilie pour r\u00e9pondre \u00e0 ce qu\u2019elle venait de lui apprendre. C\u2019\u00e9tait un \u201cAh\u201d plus profond, un \u201cAh\u201d qui cherchait \u00e0 \u00e9merger, qui cherchait \u00e0 reconstituer le puzzle qu\u2019il avait dans la t\u00eate.<\/p>\n<p style=\"text-align: justify;\">\u201cEt tu es l\u00e0 ?\u201d<\/p>\n<p style=\"text-align: justify;\">Emilie eut une moue condescendante mais apr\u00e8s quelques instants de silence, elle acquiesca.<\/p>\n<p style=\"text-align: justify;\">\u201cIl fallait bien que quelqu\u2019un t\u2019accompagne ici&#8230;\u201d<\/p>\n<p style=\"text-align: justify;\">Ed eut un sourire un peu crisp\u00e9 pour exprimer qu\u2019il comprenait cette \u00e9vidence mais conscient que ce n\u2019\u00e9tait pas forc\u00e9ment la meilleure mani\u00e8re de faire comprendre ce qui \u00e9tait pour lui une satisfaction, il se for\u00e7a \u00e0 transformer sa pens\u00e9e en mots :<\/p>\n<p style=\"text-align: justify;\">\u201cC\u2019est gentil de l\u2019avoir fait, en tout cas.\u201d<\/p>\n<p style=\"text-align: justify;\">S\u2019en suivirent des longues minutes o\u00f9 ni Ed, ni Emilie ne prononc\u00e8rent un mot. Il y avait s\u00fbrement un peu de g\u00eane, un peu d\u2019inqui\u00e9tude dans l\u2019\u00e9change de ces premi\u00e8res banalit\u00e9s. Ce fut ensuite Em\u2019 qui brisa le silence.<\/p>\n<p style=\"text-align: justify;\">\u201cLa prochaine fois, \u00e9vite d\u2019arr\u00eater aussi brutalement ton traitement ou bien prends des pr\u00e9cautions, au moins&#8230;\u201d<\/p>\n<p style=\"text-align: justify;\">Ed tourna les yeux vers elle et devant l\u2019expression de reproche dont son regard \u00e9tait empli, Emilie continua :<\/p>\n<p style=\"text-align: justify;\">\u201cOui&#8230; Les m\u00e9decins m\u2019ont expliqu\u00e9, en fait&#8230; Je me suis fait pass\u00e9e pour ta s\u0153ur et ils n\u2019ont rien v\u00e9rifi\u00e9&#8230; Je ne pense pas qu\u2019on puisse leur en vouloir&#8230; Mais voil\u00e0, du coup, ils m\u2019ont dit&#8230;\u201d<\/p>\n<p style=\"text-align: justify;\">A cet instant, les sentiments d\u2019Ed furent tr\u00e8s contradictoires, partag\u00e9s entre une certaine col\u00e8re vis \u00e0 vis de l\u2019indiscr\u00e9tion des m\u00e9decins et l\u2019aubaine qu\u2019\u00e9tait la r\u00e9v\u00e9lation de son \u00e9tat \u00e0 Em\u2019, chose dont il n\u2019\u00e9tait pas s\u00fbr d\u2019avoir su comment lui dire ou lui pr\u00e9senter s\u2019il avait d\u00fb le faire avec ses propres mots.<\/p>\n<p style=\"text-align: justify;\">\u201cCe n\u2019est pas si grave&#8230;\u201d s\u2019entendit-il r\u00e9pondre.<\/p>\n<p style=\"text-align: justify;\">\u201cApr\u00e8s tout, tu aurais fini par le d\u00e9couvrir un jour.\u201d<\/p>\n<p style=\"text-align: justify;\">Les traits du visage de Emilie se d\u00e9tendirent. Elle prit m\u00eame une moue moqueuse pour lui r\u00e9pondre :<\/p>\n<p style=\"text-align: justify;\">\u201cTu sais, ce n\u2019est pas bien de faire des cachotteries en g\u00e9n\u00e9ral&#8230;\u201d<\/p>\n<p style=\"text-align: justify;\">Il acquies\u00e7a d\u2019un mouvement de t\u00eate et dans son for int\u00e9rieur, la question in\u00e9vitable \u201cOn fait quoi maintenant ?\u201d clignotait en rouge.<\/p>\n<p style=\"text-align: justify;\">\u201cOuais&#8230;.\u201d<\/p>\n<p style=\"text-align: justify;\">Et apr\u00e8s trois secondes de tension, ils pouff\u00e8rent de rire chacun de leur c\u00f4t\u00e9 : ils s\u2019\u00e9taient compris pour la premi\u00e8re fois sans avoir recours \u00e0 la parole.<\/p>\n","protected":false},"excerpt":{"rendered":"<p>L\u2019incident ne serait jamais intervenu si Ed avait continu\u00e9 \u00e0 suivre sans r\u00e9chigner les diverses recommandations de ses m\u00e9decins. Le probl\u00e8me, c\u2019est que l\u2019on a beau s\u2019appeler Ed et \u00eatre un gar\u00e7on somme toute assez consensuel, il n\u2019en reste pas moins que l\u2019envie de sortir des sentiers battus et franchir les limites du temp\u00e9rament adolescent [&hellip;]<\/p>\n","protected":false},"author":1,"featured_media":0,"parent":2107,"menu_order":2,"comment_status":"open","ping_status":"open","template":"","meta":{"_exactmetrics_skip_tracking":false,"_exactmetrics_sitenote_active":false,"_exactmetrics_sitenote_note":"","_exactmetrics_sitenote_category":0,"jetpack_post_was_ever_published":false,"footnotes":""},"class_list":["post-2111","page","type-page","status-publish","hentry"],"jetpack_sharing_enabled":true,"jetpack_shortlink":"https:\/\/wp.me\/P4SHRd-y3","_links":{"self":[{"href":"https:\/\/ericlaugier.com\/web\/wp-json\/wp\/v2\/pages\/2111","targetHints":{"allow":["GET"]}}],"collection":[{"href":"https:\/\/ericlaugier.com\/web\/wp-json\/wp\/v2\/pages"}],"about":[{"href":"https:\/\/ericlaugier.com\/web\/wp-json\/wp\/v2\/types\/page"}],"author":[{"embeddable":true,"href":"https:\/\/ericlaugier.com\/web\/wp-json\/wp\/v2\/users\/1"}],"replies":[{"embeddable":true,"href":"https:\/\/ericlaugier.com\/web\/wp-json\/wp\/v2\/comments?post=2111"}],"version-history":[{"count":4,"href":"https:\/\/ericlaugier.com\/web\/wp-json\/wp\/v2\/pages\/2111\/revisions"}],"predecessor-version":[{"id":2324,"href":"https:\/\/ericlaugier.com\/web\/wp-json\/wp\/v2\/pages\/2111\/revisions\/2324"}],"up":[{"embeddable":true,"href":"https:\/\/ericlaugier.com\/web\/wp-json\/wp\/v2\/pages\/2107"}],"wp:attachment":[{"href":"https:\/\/ericlaugier.com\/web\/wp-json\/wp\/v2\/media?parent=2111"}],"curies":[{"name":"wp","href":"https:\/\/api.w.org\/{rel}","templated":true}]}}