{"id":2113,"date":"2013-04-20T19:12:39","date_gmt":"2013-04-20T17:12:39","guid":{"rendered":"http:\/\/ericlaugier.com\/web\/?page_id=2113"},"modified":"2014-07-14T21:39:43","modified_gmt":"2014-07-14T19:39:43","slug":"3-2","status":"publish","type":"page","link":"https:\/\/ericlaugier.com\/web\/ed-redon-ou-lhistoire-dun-marchand-de-sommeil\/3-2\/","title":{"rendered":"Ed Redon, ou l\u2019histoire d\u2019un marchand de sommeil &#8211; 3"},"content":{"rendered":"<p style=\"text-align: justify;\">Emilie regarda l\u2019heure sur le cadran de son t\u00e9l\u00e9phone portable. Elle regarda Ed.<\/p>\n<p style=\"text-align: justify;\">\u201cCa va aller ?\u201d<\/p>\n<p style=\"text-align: justify;\">Elle marqua une pause.<\/p>\n<p style=\"text-align: justify;\">\u201cTa m\u00e8re a \u00e9t\u00e9 pr\u00e9venue et je pense qu\u2019elle ne devrait plus tarder. Je vais donc peut-\u00eatre y aller. Mes parents vont commencer \u00e0 s\u2019inqui\u00e9ter s\u2019ils ne me voient pas revenir. Je ne leur ai rien dit. Si tu sors demain, appelle-moi et je passerai te chercher. Je n\u2019ai pas cours, demain.\u201d<\/p>\n<p style=\"text-align: justify;\">Em\u2019 lui tendit un petit morceau de papier. Ed hocha la t\u00eate et le prit. Em\u2019 lui fit une signe de la main et sortit de la chambre.<\/p>\n<p style=\"text-align: justify;\">Arriv\u00e9e sur le trottoir de l\u2019h\u00f4pital, Emilie s\u2019arr\u00eata quelques instants pour r\u00e9fl\u00e9chir. Elle n\u2019\u00e9tait certaine de ce qu\u2019elle venait de faire. Elle n\u2019\u00e9tait pas certaine de savoir vraiment ce qui lui arrivait. Elle repensa \u00e0 l\u2019accident. Qu\u2019est-ce qu\u2019Ed voulait lui dire avant de se faire faucher ? Avait-elle r\u00eav\u00e9 ou bien l\u2019avait-il vraiment appel\u00e9e ?<\/p>\n<p style=\"text-align: justify;\">Son t\u00e9l\u00e9phone vibra. Il fallait qu\u2019elle se presse.<\/p>\n<p style=\"text-align: center;\">\n***<\/p>\n<p style=\"text-align: justify;\">\n\u201cEmilie ?&#8230; C\u2019est toi ?&#8230;\u201d<\/p>\n<p style=\"text-align: justify;\">\u201cOui, M\u2019man, je suis rentr\u00e9e&#8230; T\u2019es o\u00f9 ?\u201d r\u00e9pondit machinalement Emilie en refermant la porte d\u2019entr\u00e9e.<\/p>\n<p style=\"text-align: justify;\">\u201cDans la cuisine. Tu \u00e9tais o\u00f9, bon sang ? Je commen\u00e7ais \u00e0 m\u2019inqui\u00e9ter&#8230; En plus, tu ne r\u00e9pondais pas \u00e0 mes messages&#8230;\u201d<\/p>\n<p style=\"text-align: justify;\">\u201cOui, je sais&#8230; Je suis d\u00e9sol\u00e9e&#8230; J\u2019ai d\u00fb accompagner un gars de mon \u00e9cole aux urgences. Il s\u2019est fait renvers\u00e9.\u201d<\/p>\n<p style=\"text-align: justify;\">\u201cAh bon ? Et c\u2019est qui ? C\u2019est grave ?\u201d<\/p>\n<p style=\"text-align: justify;\">\u201cNon, a priori, ce n\u2019est pas trop grave. Juste quelques \u00e9gratignures en fin de compte, je pense mais sur le coup, j\u2019ai cru que c\u2019\u00e9tait plus grave que cela. Il va s\u2019en remettre.\u201d<\/p>\n<p style=\"text-align: justify;\">\u201cEt qui est-ce ?\u201d<\/p>\n<p style=\"text-align: justify;\">\u201cJe ne crois pas que tu le connaisses. C\u2019est un gars de ma classe : Ed&#8230;\u201d<\/p>\n<p style=\"text-align: justify;\">Lorsqu\u2019elle pronon\u00e7a le nom de Ed, Emilie passa l\u2019encadrement de la porte de la cuisine.<\/p>\n<p style=\"text-align: justify;\">\u201cEd&#8230; Ed&#8230; Redon ? Le fils de la vieille folle ?\u201d<\/p>\n<p style=\"text-align: justify;\">\u201cVieille folle ?\u201d fit Emilie, un peu surprise de la r\u00e9action de sa m\u00e8re.<\/p>\n<p style=\"text-align: justify;\">\u201cTu connais Ed ? Enfin&#8230; Sa m\u00e8re&#8230;\u201d<\/p>\n<p style=\"text-align: justify;\">\u201cSi je la connais&#8230; Oh oui&#8230;\u201d<\/p>\n<p style=\"text-align: justify;\">Emilie crut que sa m\u00e8re allait poursuivre mais elle en resta l\u00e0.<\/p>\n<p style=\"text-align: justify;\">\u201cTu peux m\u2019attraper le gros saladier dans l\u2019\u00e9tag\u00e8re du haut ?\u201d<\/p>\n<p style=\"text-align: justify;\">Em\u2019 s\u2019ex\u00e9cuta. De toute \u00e9vidence, elle n\u2019en saurait pas plus. Elle alla chercher le saladier et le tendit \u00e0 sa m\u00e8re et pr\u00e9texta quelques devoirs \u00e0 faire pour retourner dans sa chambre jusqu\u2019\u00e0 l\u2019heure du d\u00eener.<\/p>\n<p style=\"text-align: center;\">\n***<\/p>\n<p style=\"text-align: justify;\">\nLes infirmi\u00e8res \u00e9taient aimables dans cet h\u00f4pital. Ce fut l\u2019une des choses qu\u2019Ed remarqua. Il \u00e9tait habitu\u00e9 \u00e0 \u00eatre trait\u00e9 sans m\u00e9nagement par la gente m\u00e9dicale. Ce n\u2019\u00e9tait pas vraiment de leur faute mais la maladie dont il souffrait, ne b\u00e9n\u00e9ficiait pas d\u2019une attention particuli\u00e8re. C\u2019\u00e9tait tout au plus consid\u00e9r\u00e9 comme un vulgaire rhume. Il faut bien dire aussi que sa maladie \u00e9tait rare et ses causes comme ses cons\u00e9quences n\u2019attiraient pas les vocations. Ed le savait et il en avait pris son parti. Pour \u00eatre m\u00eame parfaitement honn\u00eate, ce d\u00e9sint\u00e9r\u00eat l\u2019arrangeait. Il pr\u00e9f\u00e9rait que les gens le traitent comme les autres plut\u00f4t que de le consid\u00e9rer comme un malade et faire l\u2019objet d\u2019une attention qu\u2019il trouvait tout \u00e0 fait d\u00e9plac\u00e9e. Certes, il tenait quand m\u00eame \u00e0 ce que les gens n\u2019oublient pas qu\u2019il n\u2019\u00e9tait pas tout \u00e0 fait comme les autres et le cas \u00e9ch\u00e9ant, il mettait un point d\u2019honneur \u00e0 le leur rappeler mais toute l\u2019ambigu\u00eft\u00e9 de sa situation \u00e9tait l\u00e0 : lever les incompr\u00e9hensions en m\u00eame temps qu\u2019attendre des autres, une attitude qui lui donnerait l\u2019impression d\u2019\u00eatre normal.<\/p>\n<p style=\"text-align: justify;\">C\u2019\u00e9tait une chose impossible lorsque sa m\u00e8re \u00e9tait l\u00e0. Dans son malheur, il eut de la chance car lorsque sa m\u00e8re arriva \u00e0 l\u2019h\u00f4pital, l\u2019heure des visites \u00e9tait presque atteint. Elle ne put faire ce qu\u2019Ed appelait, son sketch habituel et de plus, elle n\u2019eut pas trop l\u2019occasion de lui faire la le\u00e7on quant au fait qu\u2019il n\u2019avait pas respect\u00e9 son traitement.<\/p>\n<p style=\"text-align: justify;\">\u201cC\u2019est bon&#8230; Je vais bien. J\u2019ai compris&#8230;\u201d<\/p>\n<p style=\"text-align: justify;\">Ce furent les phrases n\u00e9cessaires qu\u2019il dut souffler \u00e0 l\u2019oreille maternelle pour d\u00e9samorcer le tsunami affectif de \u201cex\u201d Mme Redon.<\/p>\n<p style=\"text-align: justify;\">\u201cJe viens te chercher demain&#8230; \u201c fit-elle.<\/p>\n<p style=\"text-align: justify;\">\u201cCe n\u2019est pas la peine, M\u2019man. J\u2019ai une amie qui va me raccompagner&#8230;\u201d<\/p>\n<p style=\"text-align: justify;\">\u201cUne amie ?\u201d fit \u201cM\u2019man\u201d d\u2019un ton suspicieux.<\/p>\n<p style=\"text-align: justify;\">\u201cOui, une amie.\u201d<\/p>\n<p style=\"text-align: justify;\">\u201cEt on peut savoir qui ?\u201d<\/p>\n<p style=\"text-align: justify;\">\u201cJe te la pr\u00e9senterai demain.\u201d<\/p>\n<p style=\"text-align: justify;\">L\u2019\u201dex\u201d Mme Redon, apr\u00e8s quelques instants de silence, d\u00e9cida de ne pas insister, partag\u00e9e qu\u2019elle \u00e9tait entre la jalousie possessive que lui inspirait son amour maternel et la satisfaction d\u2019entendre son fils prendre l\u2019initiative dans ses relations. Il grandissait : il fallait bien qu\u2019elle s\u2019y fasse.<\/p>\n<p style=\"text-align: justify;\">Elle l\u2019embrassa et sortit de la chambre. Puis apr\u00e8s avoir fait deux ou trois recommandations inutiles aux infirmi\u00e8res sur le traitement \u00e0 apporter \u00e0 son fils, elle s\u2019en retourna chez elle.<\/p>\n<p style=\"text-align: center;\">\n***<\/p>\n<p style=\"text-align: justify;\">\nLe lendemain matin, Ed se sentait mieux. Il pouvait de nouveau bouger. Certes, certaines \u00e9gratignures continuaient \u00e0 le lancer mais il pouvait en supporter la douleur. Pendant la nuit, on lui avait adjoint un voisin de chambr\u00e9e. C\u2019\u00e9tait un petit vieux compl\u00e8tement paralys\u00e9 et aphasique. Il ne fut donc pas g\u00ean\u00e9 lorsqu\u2019il d\u00e9cida d\u2019appeler Emilie au t\u00e9l\u00e9phone.<\/p>\n<p style=\"text-align: justify;\">\u201cAllo ?\u201d<\/p>\n<p style=\"text-align: justify;\">\u201cOui ?&#8230;\u201d<\/p>\n<p style=\"text-align: justify;\">\u201cC\u2019est Ed. Je te r\u00e9veille ?\u201d<\/p>\n<p style=\"text-align: justify;\">\u201cMmm&#8230; Tu veux la version courte ou la version longue ?\u201d fit Emilie en se frottant les yeux.<\/p>\n<p style=\"text-align: justify;\">\u201cLa version courte me conviendra.\u201d<\/p>\n<p style=\"text-align: justify;\">\u201cOui&#8230;. Je n\u2019ai pas vraiment vu l\u2019heure&#8230; Et je me suis couch\u00e9e tard au final.\u201d<\/p>\n<p style=\"text-align: justify;\">\u201cCa tient toujours ? Pour que tu me raccompagnes chez moi ?\u201d<\/p>\n<p style=\"text-align: justify;\">Emilie se redressa et prit quelques instants pour rassembler ses id\u00e9es.<\/p>\n<p style=\"text-align: justify;\">\u201cOui, oui&#8230; Excuse-moi&#8230; Cela ne fait pas tr\u00e8s s\u00e9rieux&#8230; Mais&#8230; Oui, je veux dire&#8230; Ca tient toujours&#8230;\u201d<\/p>\n<p style=\"text-align: justify;\">\u201cTu penses \u00eatre l\u00e0 pour quelle heure ?\u201d<\/p>\n<p style=\"text-align: justify;\">\u201cAttends&#8230;\u201d fit Emilie en retournant l\u2019afficheur du radio-r\u00e9veil pos\u00e9 sur sa table de chevet vers elle.<\/p>\n<p style=\"text-align: justify;\">\u201cEuh&#8230; Vers treize heures&#8230; Ca te va ?\u201d<\/p>\n<p style=\"text-align: justify;\">Ed savait que l\u2019h\u00f4pital allait vouloir qu\u2019il d\u00e9barrasse sa chambre avant l\u2019heure de midi mais il pr\u00e9f\u00e9ra ne rien dire.<\/p>\n<p style=\"text-align: justify;\">\u201cOui. C\u2019est parfait.\u201d<\/p>\n<p style=\"text-align: justify;\">\u201cBen alors, \u00e0 toute \u00e0 l\u2019heure&#8230;\u201d fit Emilie en s\u2019\u00e9tirant.<\/p>\n<p style=\"text-align: justify;\">\u201cA toute \u00e0 l\u2019heure, alors.\u201d lui r\u00e9pondit Ed avec un sourire dont il \u00e9tait bien heureux qu\u2019il ne puisse pas \u00eatre transmis par t\u00e9l\u00e9phone.<\/p>\n<p style=\"text-align: justify;\">Emilie raccrocha. Elle resta un instant immobile dans son lit. Puis elle s&rsquo;administra une claque sur la joue dont la vocation \u00e9tait de lui prouver qu\u2019elle \u00e9tait bien dans la r\u00e9alit\u00e9.<\/p>\n<p style=\"text-align: justify;\">\u201cOuais&#8230; Ouais&#8230; Je serais l\u00e0&#8230;\u201d se r\u00e9p\u00e9ta-t-elle en cherchant ses chaussons avec ses orteils qui s\u2019enfon\u00e7aient dans l\u2019\u00e9paisseur de la moquette.<\/p>\n<p style=\"text-align: justify;\">\u201cOui, oui&#8230; Faut juste que je me r\u00e9veille. Juste \u00e7a&#8230;\u201d<\/p>\n<p style=\"text-align: justify;\">Et elle se dirigea tel un fant\u00f4me vers la salle de bain.<\/p>\n","protected":false},"excerpt":{"rendered":"<p>Emilie regarda l\u2019heure sur le cadran de son t\u00e9l\u00e9phone portable. Elle regarda Ed. \u201cCa va aller ?\u201d Elle marqua une pause. \u201cTa m\u00e8re a \u00e9t\u00e9 pr\u00e9venue et je pense qu\u2019elle ne devrait plus tarder. Je vais donc peut-\u00eatre y aller. Mes parents vont commencer \u00e0 s\u2019inqui\u00e9ter s\u2019ils ne me voient pas revenir. Je ne leur [&hellip;]<\/p>\n","protected":false},"author":1,"featured_media":0,"parent":2107,"menu_order":3,"comment_status":"open","ping_status":"closed","template":"","meta":{"_exactmetrics_skip_tracking":false,"_exactmetrics_sitenote_active":false,"_exactmetrics_sitenote_note":"","_exactmetrics_sitenote_category":0,"jetpack_post_was_ever_published":false,"footnotes":""},"class_list":["post-2113","page","type-page","status-publish","hentry"],"jetpack_sharing_enabled":true,"jetpack_shortlink":"https:\/\/wp.me\/P4SHRd-y5","_links":{"self":[{"href":"https:\/\/ericlaugier.com\/web\/wp-json\/wp\/v2\/pages\/2113","targetHints":{"allow":["GET"]}}],"collection":[{"href":"https:\/\/ericlaugier.com\/web\/wp-json\/wp\/v2\/pages"}],"about":[{"href":"https:\/\/ericlaugier.com\/web\/wp-json\/wp\/v2\/types\/page"}],"author":[{"embeddable":true,"href":"https:\/\/ericlaugier.com\/web\/wp-json\/wp\/v2\/users\/1"}],"replies":[{"embeddable":true,"href":"https:\/\/ericlaugier.com\/web\/wp-json\/wp\/v2\/comments?post=2113"}],"version-history":[{"count":4,"href":"https:\/\/ericlaugier.com\/web\/wp-json\/wp\/v2\/pages\/2113\/revisions"}],"predecessor-version":[{"id":2326,"href":"https:\/\/ericlaugier.com\/web\/wp-json\/wp\/v2\/pages\/2113\/revisions\/2326"}],"up":[{"embeddable":true,"href":"https:\/\/ericlaugier.com\/web\/wp-json\/wp\/v2\/pages\/2107"}],"wp:attachment":[{"href":"https:\/\/ericlaugier.com\/web\/wp-json\/wp\/v2\/media?parent=2113"}],"curies":[{"name":"wp","href":"https:\/\/api.w.org\/{rel}","templated":true}]}}