{"id":2117,"date":"2013-04-20T19:14:56","date_gmt":"2013-04-20T17:14:56","guid":{"rendered":"http:\/\/ericlaugier.com\/web\/?page_id=2117"},"modified":"2013-04-20T19:14:56","modified_gmt":"2013-04-20T17:14:56","slug":"1-2","status":"publish","type":"page","link":"https:\/\/ericlaugier.com\/web\/jean\/1-2\/","title":{"rendered":"1"},"content":{"rendered":"<p style=\"text-align: justify;\">&#8211; Tu vas bien, Jean ? Tu as l\u2019air un peu&#8230; Perdu&#8230; D\u2019un seul coup.<\/p>\n<p style=\"text-align: justify;\">Jean ne r\u00e9pondit pas de suite. Il lui fallut r\u00e9fl\u00e9chir quelques secondes avant de trouver les mots pour la rassurer.<\/p>\n<p style=\"text-align: justify;\">&#8211; Je vais bien, oui. Je vais bien, ne t\u2019inqui\u00e8te pas comme cela.<\/p>\n<p style=\"text-align: justify;\">Marie retrouva son sourire qui s\u2019\u00e9tait \u00e9gar\u00e9 l\u2019espace d\u2019un instant.<\/p>\n<p style=\"text-align: justify;\">&#8211; Bon bah alors&#8230; Bonne ann\u00e9e, mon b\u00e9b\u00e9&#8230;<\/p>\n<p style=\"text-align: justify;\">Et elle l\u2019embrassa fougueusement et goul\u00fbment \u00e0 tel point que Jean eut un l\u00e9ger mouvement de recul. Il jeta un oeil sur la pendule. Elle indiquait minuit pass\u00e9 d\u2019une minute, le premier janvier deux mille douze.<\/p>\n<p style=\"text-align: justify;\">&#8211; Ca me fait bizarre&#8230;<\/p>\n<p style=\"text-align: justify;\">Jean regardait ailleurs, perdu dans ses pens\u00e9es mais il avait entendu l\u2019affirmation et r\u00e9pondit quasiment du tac au tac.<\/p>\n<p style=\"text-align: justify;\">&#8211; Qu\u2019est-ce qui te fait bizarre ?&#8230;<\/p>\n<p style=\"text-align: justify;\">Marie colla sa t\u00eate contre son \u00e9paule et poursuivit :<\/p>\n<p style=\"text-align: justify;\">&#8211; Bah, je ne sais pas exactement&#8230; Un peu tout. Je crois que c\u2019est la premi\u00e8re fois que je passe le r\u00e9veillon en t\u00eate \u00e0 t\u00eate avec quelqu\u2019un. D\u2019habitude, je le passe en soir\u00e9e avec des amis et on sort en bo\u00eete. Cette ann\u00e9e&#8230; Je le passe avec toi et&#8230;<\/p>\n<p style=\"text-align: justify;\">&#8211; Et&#8230; ? Quoi ?<\/p>\n<p style=\"text-align: justify;\">&#8211; Et&#8230; Je crois que j\u2019avais un peu peur. Au d\u00e9but&#8230;<\/p>\n<p style=\"text-align: justify;\">&#8211; Tu avais peur de quoi ? De moi ?&#8230;<\/p>\n<p style=\"text-align: justify;\">&#8211; Nan&#8230; B\u00eata&#8230; Non mais je ne sais pas&#8230; C\u2019est \u00e9trange nan ? Ce n\u2019est pas la majorit\u00e9 des gens qui f\u00eatent le nouvel an comme cela, non ? Tu crois que cela veut dire quelque chose ?<\/p>\n<p style=\"text-align: justify;\">&#8211; Que cela veut dire quelque chose ? Comme quoi ?&#8230; Je ne vois pas o\u00f9 tu veux en venir&#8230;.<\/p>\n<p style=\"text-align: justify;\">Marie se redressa un peu.<\/p>\n<p style=\"text-align: justify;\">&#8211; Bah, je me dis que \u00e7a marque le passage \u00e0 quelque chose d\u2019autre&#8230; Qu\u2019il y a peut-\u00eatre&#8230; Que c\u2019est un truc comme un signe du destin ou un machin-chose dans le genre&#8230; Tu vois ?<\/p>\n<p style=\"text-align: justify;\">Jean fut oblig\u00e9 de sourire.<\/p>\n<p style=\"text-align: justify;\">&#8211; Non, je ne vois pas. Enfin&#8230; Si&#8230; Je comprends ce que tu veux dire mais je ne crois pas \u00e0 ce genre de \u201csigne\u201d.<\/p>\n<p style=\"text-align: justify;\">Marie fit la moue.<\/p>\n<p style=\"text-align: justify;\">&#8211; Tu pourrais me dire \u201coui\u201d pour une fois. Tu pourrais entrer dans mon \u201ctrip\u201d des fois&#8230; Des fois, je me dis que&#8230; Des fois, je me dis que tu ne crois en rien. Je ne sais pas comment tu anticipes l\u2019avenir mais souvent, je me dis que tu n\u2019envisages rien. Comme si pour toi, demain n\u2019existait pas. Et pour tout te dire, moi&#8230; Ca me fait flipper, rien que d\u2019y penser.<\/p>\n<p style=\"text-align: justify;\">&#8211; Et pourtant, tu es l\u00e0, non ?<\/p>\n<p style=\"text-align: justify;\">Marie s\u2019extirpa des bras de Jean et se renversa sur la canap\u00e9 en l\u2019entourant avec ses jambes.<\/p>\n<p style=\"text-align: justify;\">&#8211; Ouais&#8230; Je suis l\u00e0&#8230;<\/p>\n<p style=\"text-align: justify;\">Elle attrapa son paquet de cigarettes pos\u00e9 sur le rebord et s\u2019alluma une clope.<\/p>\n<p style=\"text-align: justify;\">&#8211; Ouais, je suis l\u00e0&#8230;. Et mon petit doigt me dit que tu pourrais en profiter plut\u00f4t que de me laisser palabrer sur dans des discussions philosophiques \u00e0 deux balles !<\/p>\n<p style=\"text-align: justify;\">Jean regarda Marie. Il ne savait pas quoi lui r\u00e9pondre. Elle \u00e9tait tout ce qu\u2019il n\u2019\u00e9tait pas, lui. Expensive mais timide en fin de compte. Absolument angoiss\u00e9e par tout ce qu\u2019elle pouvait entreprendre \u00e0 moins de l\u2019avoir planifi\u00e9 six mois \u00e0 l\u2019avance. Elle ne vivait jamais les \u00e9v\u00e9nements de sa vie en direct. Elle d\u00e9roulait un plan qu\u2019elle avait \u00e9labor\u00e9 et dont elle avait \u00e9tudi\u00e9 toutes les hypoth\u00e8ses. Et elle ne s\u2019en sortait pas trop mal au bout du compte.<\/p>\n<p style=\"text-align: justify;\">&#8211; J\u2019ai envie que tu me fasses un enfant&#8230; fit-elle.<\/p>\n<p style=\"text-align: justify;\">&#8211; L\u00e0, tout de suite ?<\/p>\n<p style=\"text-align: justify;\">&#8211; Et pourquoi pas ?<\/p>\n<p style=\"text-align: justify;\">Elle \u00e9crasa son m\u00e9got dans le cendrier. Jean n\u2019avait aucun argument pour refuser l\u2019invitation. Pourquoi pas ? C\u2019\u00e9tait la phrase-clef.<\/p>\n<p style=\"text-align: justify;\">&#8211; Alors&#8230; Vos d\u00e9sirs sont des ordres, Majest\u00e9&#8230;<\/p>\n<p style=\"text-align: justify;\">Et ils se jet\u00e8rent l\u2019un sur l\u2019autre comme s\u2019ils s\u2019\u00e9taient d\u00e9clar\u00e9s la guerre.<\/p>\n<p style=\"text-align: justify;\">Au travers de la fen\u00eatre du salon, le feu d\u2019artifice engageait l\u00e9g\u00e8rement en retard le bouquet final.<\/p>\n","protected":false},"excerpt":{"rendered":"<p>&#8211; Tu vas bien, Jean ? Tu as l\u2019air un peu&#8230; Perdu&#8230; D\u2019un seul coup. Jean ne r\u00e9pondit pas de suite. Il lui fallut r\u00e9fl\u00e9chir quelques secondes avant de trouver les mots pour la rassurer. &#8211; Je vais bien, oui. Je vais bien, ne t\u2019inqui\u00e8te pas comme cela. Marie retrouva son sourire qui s\u2019\u00e9tait \u00e9gar\u00e9 [&hellip;]<\/p>\n","protected":false},"author":1,"featured_media":0,"parent":2115,"menu_order":1,"comment_status":"open","ping_status":"open","template":"","meta":{"_exactmetrics_skip_tracking":false,"_exactmetrics_sitenote_active":false,"_exactmetrics_sitenote_note":"","_exactmetrics_sitenote_category":0,"jetpack_post_was_ever_published":false,"footnotes":""},"class_list":["post-2117","page","type-page","status-publish","hentry"],"jetpack_sharing_enabled":true,"jetpack_shortlink":"https:\/\/wp.me\/P4SHRd-y9","_links":{"self":[{"href":"https:\/\/ericlaugier.com\/web\/wp-json\/wp\/v2\/pages\/2117","targetHints":{"allow":["GET"]}}],"collection":[{"href":"https:\/\/ericlaugier.com\/web\/wp-json\/wp\/v2\/pages"}],"about":[{"href":"https:\/\/ericlaugier.com\/web\/wp-json\/wp\/v2\/types\/page"}],"author":[{"embeddable":true,"href":"https:\/\/ericlaugier.com\/web\/wp-json\/wp\/v2\/users\/1"}],"replies":[{"embeddable":true,"href":"https:\/\/ericlaugier.com\/web\/wp-json\/wp\/v2\/comments?post=2117"}],"version-history":[{"count":1,"href":"https:\/\/ericlaugier.com\/web\/wp-json\/wp\/v2\/pages\/2117\/revisions"}],"predecessor-version":[{"id":2118,"href":"https:\/\/ericlaugier.com\/web\/wp-json\/wp\/v2\/pages\/2117\/revisions\/2118"}],"up":[{"embeddable":true,"href":"https:\/\/ericlaugier.com\/web\/wp-json\/wp\/v2\/pages\/2115"}],"wp:attachment":[{"href":"https:\/\/ericlaugier.com\/web\/wp-json\/wp\/v2\/media?parent=2117"}],"curies":[{"name":"wp","href":"https:\/\/api.w.org\/{rel}","templated":true}]}}