{"id":2134,"date":"2013-04-20T19:24:26","date_gmt":"2013-04-20T17:24:26","guid":{"rendered":"http:\/\/ericlaugier.com\/web\/?page_id=2134"},"modified":"2013-04-20T19:25:55","modified_gmt":"2013-04-20T17:25:55","slug":"feuille-1","status":"publish","type":"page","link":"https:\/\/ericlaugier.com\/web\/la-legende-du-royaume-de-papier\/feuille-1\/","title":{"rendered":"Feuillet 1"},"content":{"rendered":"<p style=\"text-align: justify;\">Les vieilles l\u00e9gendes regorgent de h\u00e9ros et de monstres, de rois, de reines,de princes et de princesses. Elles racontent bien souvent les luttes entre le bien et le mal, les choix difficiles qu\u2019impose le fait d\u2019\u00eatre faible ou fort ou d\u2019avoir le pouvoir, ou de le perdre. L\u2019histoire que je vais vous conter ne fait pas exception. Elle m\u2019a \u00e9t\u00e9 rapport\u00e9e par un voyageur qui ne m&rsquo;a jamais dit son nom. J\u2019\u00e9tais encore une enfant quand il m\u2019a confi\u00e9 son r\u00e9cit et je m\u2019en souviens encore des moindres d\u00e9tails. C\u2019\u00e9tait un homme imposant \u00e0 la voix grave qui ne semblait ne jamais vouloir trembler. Il \u00e9tait arriv\u00e9 \u00e0 l\u2019auberge que tenaient mes parents, un soir de d\u00e9cembre alors qu\u2019il tombait une pluie battante. Je me rappelle encore de son entr\u00e9e et du silence qu\u2019elle avait provoqu\u00e9 interrompant le tumulte habituel de la client\u00e8le ordinaire.<\/p>\n<p style=\"text-align: justify;\">Il faut dire qu\u2019il \u00e9tait plut\u00f4t inhabituel qu\u2019un homme se pr\u00e9sente bless\u00e9 de la sorte, alors qu\u2019il n\u2019y avait point de guerre ou de crime dans la ville ou dans ses environs. Ma m\u00e8re, un instant fig\u00e9e par la surprise, a \u00e9t\u00e9 la premi\u00e8re \u00e0 r\u00e9agir et \u00e0 se porter au secours de l\u2019homme mais elle \u00e9tait bien fr\u00eale \u00e0 c\u00f4t\u00e9 du bonhomme qui faillit la faire s\u2019\u00e9crouler sur elle-m\u00eame lorsqu\u2019elle le prit par l\u2019\u00e9paule.<\/p>\n<p style=\"text-align: justify;\">\u201cQue vous est-il arriv\u00e9 ?\u201d s\u2019\u00e9tait-elle empress\u00e9e de demander, moins par curiosit\u00e9 que pour avoir des d\u00e9tails sur la blessure de l\u2019homme. Mais lui ne r\u00e9pondit pas. Il gardait les traits crisp\u00e9s et fit signe \u00e0 ma m\u00e8re de le mener \u00e0 une table sans poser de question.<\/p>\n<p style=\"text-align: justify;\">\u201cApportez-moi \u00e0 boire et un linge propre si vous voulez bien. Et \u00e7a ira.\u201d<\/p>\n<p style=\"text-align: justify;\">Il releva la t\u00eate une fois assis et toisa toutes les personnes de l\u2019auberge d\u2019un regard dur qui faisait froid dans le dos. Les gens comprirent \u00e0 cet instant que l\u2019incident devait \u00eatre clos et qu\u2019il devait ne plus rien en para\u00eetre.<\/p>\n<p style=\"text-align: justify;\">J\u2019\u00e9tais dans l\u2019ombre, derri\u00e8re le comptoir, un peu morte de peur et un peu fascin\u00e9e. Je regardais la sc\u00e8ne avec insistance et mon p\u00e8re qui me vit ainsi, me dit qu\u2019il \u00e9tait l\u2019heure et m\u2019ordonna de monter me coucher. J\u2019ai mis quelques secondes \u00e0 ob\u00e9ir et dans ce petit espace de temps, l\u2019inconnu croisa mon regard. J\u2019ai cru qu\u2019il allait montrer de la col\u00e8re rapport au fait que je le d\u00e9visageais mais il n\u2019en fut rien. Il sourit au contraire et une lumi\u00e8re \u00e9trange brilla dans ses yeux. Il ne dit rien mais ce fut comme s\u2019il me disait : \u201cApproche.\u201d. Et je pris peur. Je me d\u00e9tournai et je filai dans l\u2019escalier en courant.<\/p>\n","protected":false},"excerpt":{"rendered":"<p>Les vieilles l\u00e9gendes regorgent de h\u00e9ros et de monstres, de rois, de reines,de princes et de princesses. Elles racontent bien souvent les luttes entre le bien et le mal, les choix difficiles qu\u2019impose le fait d\u2019\u00eatre faible ou fort ou d\u2019avoir le pouvoir, ou de le perdre. L\u2019histoire que je vais vous conter ne fait [&hellip;]<\/p>\n","protected":false},"author":1,"featured_media":0,"parent":2132,"menu_order":1,"comment_status":"open","ping_status":"closed","template":"","meta":{"_exactmetrics_skip_tracking":false,"_exactmetrics_sitenote_active":false,"_exactmetrics_sitenote_note":"","_exactmetrics_sitenote_category":0,"jetpack_post_was_ever_published":false,"footnotes":""},"class_list":["post-2134","page","type-page","status-publish","hentry"],"jetpack_sharing_enabled":true,"jetpack_shortlink":"https:\/\/wp.me\/P4SHRd-yq","_links":{"self":[{"href":"https:\/\/ericlaugier.com\/web\/wp-json\/wp\/v2\/pages\/2134","targetHints":{"allow":["GET"]}}],"collection":[{"href":"https:\/\/ericlaugier.com\/web\/wp-json\/wp\/v2\/pages"}],"about":[{"href":"https:\/\/ericlaugier.com\/web\/wp-json\/wp\/v2\/types\/page"}],"author":[{"embeddable":true,"href":"https:\/\/ericlaugier.com\/web\/wp-json\/wp\/v2\/users\/1"}],"replies":[{"embeddable":true,"href":"https:\/\/ericlaugier.com\/web\/wp-json\/wp\/v2\/comments?post=2134"}],"version-history":[{"count":2,"href":"https:\/\/ericlaugier.com\/web\/wp-json\/wp\/v2\/pages\/2134\/revisions"}],"predecessor-version":[{"id":2138,"href":"https:\/\/ericlaugier.com\/web\/wp-json\/wp\/v2\/pages\/2134\/revisions\/2138"}],"up":[{"embeddable":true,"href":"https:\/\/ericlaugier.com\/web\/wp-json\/wp\/v2\/pages\/2132"}],"wp:attachment":[{"href":"https:\/\/ericlaugier.com\/web\/wp-json\/wp\/v2\/media?parent=2134"}],"curies":[{"name":"wp","href":"https:\/\/api.w.org\/{rel}","templated":true}]}}