{"id":2311,"date":"2014-07-14T21:06:50","date_gmt":"2014-07-14T19:06:50","guid":{"rendered":"http:\/\/ericlaugier.com\/web\/?page_id=2311"},"modified":"2014-07-14T21:06:50","modified_gmt":"2014-07-14T19:06:50","slug":"aya-chapitre-2","status":"publish","type":"page","link":"https:\/\/ericlaugier.com\/web\/aya\/aya-chapitre-2\/","title":{"rendered":"Aya &#8211; Chapitre 2"},"content":{"rendered":"<p style=\"text-align: justify;\"><span style=\"color: #000000;\">\u201cTu as d\u00e9j\u00e0 mang\u00e9 ?\u201d m\u2019a demand\u00e9 ma tante alors qu\u2019elle entassait mes affaires dans le coffre de sa voiture.<\/span><br style=\"color: #000000;\" \/><br style=\"color: #000000;\" \/><span style=\"color: #000000;\">\u201cMoi, je n\u2019ai pas eu le temps. Je suis venue directement en sortant du travail et je n\u2019ai pas eu le temps de faire de commissions. Le frigo doit \u00eatre un peu vide, si ma m\u00e9moire est bonne donc je te propose d\u2019aller manger un morceau quelque part \u00e0 l\u2019ext\u00e9rieur&#8230; Cela te dit ?\u201d<\/span><br style=\"color: #000000;\" \/><br style=\"color: #000000;\" \/><span style=\"color: #000000;\">Avant tout, je dois dire que je ne suis pas quelqu\u2019un tr\u00e8s \u00e0 l\u2019aise avec les gens en g\u00e9n\u00e9ral et il faut bien dire que le ton franc et direct qu\u2019avait ma tante avec moi n\u2019\u00e9tait pas sans enfoncer quelques \u201cmurs\u201d. Dans le m\u00eame temps, j\u2019\u00e9tais assez impressionn\u00e9 par cette quasi-absence de retenue, de temporisation dans la mani\u00e8re de s\u2019adresser \u00e0 moi. Certes, elle n\u2019avait aucune raison d\u2019\u00eatre obs\u00e9quieuse \u00e0 mon encontre mais cela surprenait un peu. C\u2019est pourquoi, je n\u2019ai pas os\u00e9 refuser son invitation malgr\u00e9 le fait que j\u2019avais d\u00e9j\u00e0 mang\u00e9 un sandwich durant le voyage.<\/span><br style=\"color: #000000;\" \/><br style=\"color: #000000;\" \/><span style=\"color: #000000;\">\u201cTu pr\u00e9f\u00e8res quoi ? Italien, chinois, japonais ? Burger ?\u201d<\/span><br style=\"color: #000000;\" \/><br style=\"color: #000000;\" \/><span style=\"color: #000000;\">\u201cJe n\u2019ai pas de pr\u00e9f\u00e9rences, je vous laisse choisir.\u201d<\/span><br style=\"color: #000000;\" \/><br style=\"color: #000000;\" \/><span style=\"color: #000000;\">A ces mots, ma tante freina brutalement et se mit en double file, en actionnant les feux de d\u00e9tresse.<\/span><br style=\"color: #000000;\" \/><br style=\"color: #000000;\" \/><span style=\"color: #000000;\">\u201cQue se passe-t-il ?\u201d lui demandai-je car j\u2019avais beau regard\u00e9 devant comme derri\u00e8re nous, je ne comprenais pas la raison de cet arr\u00eat brutal.<\/span><br style=\"color: #000000;\" \/><br style=\"color: #000000;\" \/><span style=\"color: #000000;\">Elle me regarda silencieusement et approcha son visage du mien \u00e0 tel point que je fus oblig\u00e9 d\u2019avoir un mouvement de recul.<\/span><br style=\"color: #000000;\" \/><br style=\"color: #000000;\" \/><span style=\"color: #000000;\">\u201cJuste un mise au point, Maxime&#8230; Ne me vouvoie pas. Je sais bien que je suis ta tante et qu\u2019on ne s\u2019est jamais vraiment rencontr\u00e9s mais&#8230; Non&#8230; Mets de c\u00f4t\u00e9 le vouvoiement s\u2019il te pla\u00eet, c\u2019est le meilleur moyen de me faire d\u00e9primer sinon. Compris ?\u201d<\/span><br style=\"color: #000000;\" \/><br style=\"color: #000000;\" \/><span style=\"color: #000000;\">Avec le peu de distance qui nous s\u00e9parait, je pouvais tr\u00e8s facilement voir que dans le fond de ses yeux, cette requ\u00eate n\u2019\u00e9tait pas une option mais plut\u00f4t une exigence. De plus, avec cette proximit\u00e9, j\u2019\u00e9tais pour la premi\u00e8re fois capable de sentir son parfum et pour \u00eatre honn\u00eate, cela se r\u00e9v\u00e9lait pour moi un peu d\u00e9stabilisant. Nous ne nous \u00e9tions pas embrass\u00e9s sur le quai comme l\u2019auraient fait tous membres d\u2019une famille qui se retrouvent m\u00eame apr\u00e8s des ann\u00e9es. C\u2019\u00e9tait s\u00fbrement un peu de ma faute mais, \u00e0 dire la v\u00e9rit\u00e9, je ne savais pas vraiment quelle contenance adopter.<\/span><br style=\"color: #000000;\" \/><br style=\"color: #000000;\" \/><span style=\"color: #000000;\">\u201cOkay.\u201d ai-je fini par laisser \u00e9chapper.<\/span><br style=\"color: #000000;\" \/><br style=\"color: #000000;\" \/><span style=\"color: #000000;\">Ma tante recula et se redressa sur son si\u00e8ge.<\/span><br style=\"color: #000000;\" \/><br style=\"color: #000000;\" \/><span style=\"color: #000000;\">\u201cJ\u2019aime mieux cela. Appelle-moi Alice, je pense que ce sera le mieux.\u201d<\/span><br style=\"color: #000000;\" \/><br style=\"color: #000000;\" \/><span style=\"color: #000000;\">Elle coupa les feux de d\u00e9tresse et mit son clignotant.<\/span><br style=\"color: #000000;\" \/><br style=\"color: #000000;\" \/><span style=\"color: #000000;\">Nous roul\u00e2mes durant une bonne vingtaine de minutes, en silence. Cela me parut assez long, \u00e0 tel point que je crus un instant qu\u2019elle avait totalement chang\u00e9 d\u2019avis ou bien qu\u2019elle avait oubli\u00e9 que nous devions aller manger quelque part. Mais je me trompais bien entendu. Elle choisit un restaurant japonais. Elle adorait les sushis et les makis, m\u2019avoua-t-elle un peu plus tard.<\/span><br style=\"color: #000000;\" \/><br style=\"color: #000000;\" \/><span style=\"color: #000000;\">Il \u00e9tait vingt-trois heures pass\u00e9s de quatorze minutes quand nous command\u00e2mes nos menus.<\/span><\/p>\n","protected":false},"excerpt":{"rendered":"<p>\u201cTu as d\u00e9j\u00e0 mang\u00e9 ?\u201d m\u2019a demand\u00e9 ma tante alors qu\u2019elle entassait mes affaires dans le coffre de sa voiture.\u201cMoi, je n\u2019ai pas eu le temps. Je suis venue directement en sortant du travail et je n\u2019ai pas eu le temps de faire de commissions. Le frigo doit \u00eatre un peu vide, si ma m\u00e9moire [&hellip;]<\/p>\n","protected":false},"author":1,"featured_media":0,"parent":2307,"menu_order":1,"comment_status":"open","ping_status":"open","template":"","meta":{"_exactmetrics_skip_tracking":false,"_exactmetrics_sitenote_active":false,"_exactmetrics_sitenote_note":"","_exactmetrics_sitenote_category":0,"jetpack_post_was_ever_published":false,"footnotes":""},"class_list":["post-2311","page","type-page","status-publish","hentry"],"jetpack_sharing_enabled":true,"jetpack_shortlink":"https:\/\/wp.me\/P4SHRd-Bh","_links":{"self":[{"href":"https:\/\/ericlaugier.com\/web\/wp-json\/wp\/v2\/pages\/2311","targetHints":{"allow":["GET"]}}],"collection":[{"href":"https:\/\/ericlaugier.com\/web\/wp-json\/wp\/v2\/pages"}],"about":[{"href":"https:\/\/ericlaugier.com\/web\/wp-json\/wp\/v2\/types\/page"}],"author":[{"embeddable":true,"href":"https:\/\/ericlaugier.com\/web\/wp-json\/wp\/v2\/users\/1"}],"replies":[{"embeddable":true,"href":"https:\/\/ericlaugier.com\/web\/wp-json\/wp\/v2\/comments?post=2311"}],"version-history":[{"count":1,"href":"https:\/\/ericlaugier.com\/web\/wp-json\/wp\/v2\/pages\/2311\/revisions"}],"predecessor-version":[{"id":2312,"href":"https:\/\/ericlaugier.com\/web\/wp-json\/wp\/v2\/pages\/2311\/revisions\/2312"}],"up":[{"embeddable":true,"href":"https:\/\/ericlaugier.com\/web\/wp-json\/wp\/v2\/pages\/2307"}],"wp:attachment":[{"href":"https:\/\/ericlaugier.com\/web\/wp-json\/wp\/v2\/media?parent=2311"}],"curies":[{"name":"wp","href":"https:\/\/api.w.org\/{rel}","templated":true}]}}