{"id":2318,"date":"2014-07-14T21:37:12","date_gmt":"2014-07-14T19:37:12","guid":{"rendered":"http:\/\/ericlaugier.com\/web\/?page_id=2318"},"modified":"2014-07-14T21:37:12","modified_gmt":"2014-07-14T19:37:12","slug":"aya-chapitre-3","status":"publish","type":"page","link":"https:\/\/ericlaugier.com\/web\/aya\/aya-chapitre-3\/","title":{"rendered":"Aya &#8211; Chapitre 3"},"content":{"rendered":"<p style=\"text-align: justify;\"><span style=\"color: #000000;\">\u201cEt voil\u00e0, nous sommes arriv\u00e9s !\u201d fit ma tante en serrant le frein \u00e0 main.<\/span><br style=\"color: #000000;\" \/><br style=\"color: #000000;\" \/><span style=\"color: #000000;\">Je jetai un \u0153il \u00e0 l\u2019ext\u00e9rieur et pour dire la v\u00e9rit\u00e9, si je n\u2019avais pas suivi les diff\u00e9rents panneaux de direction qu\u2019elle avait suivi avant de se garer, j\u2019aurais \u00e9t\u00e9 bien incapable de savoir o\u00f9 j\u2019\u00e9tais.<\/span><br style=\"color: #000000;\" \/><br style=\"color: #000000;\" \/><span style=\"color: #000000;\">\u201cCe n\u2019est pas Paris m\u00eame mais avec la station de m\u00e9tro \u00e0 cent m\u00e8tres, c\u2019est assez rapide de s\u2019y rendre. Bien plus rapide qu\u2019en voiture dans tous les cas.\u201d<\/span><br style=\"color: #000000;\" \/><br style=\"color: #000000;\" \/><span style=\"color: #000000;\">Elle \u00e9teignit les feux.<\/span><br style=\"color: #000000;\" \/><br style=\"color: #000000;\" \/><span style=\"color: #000000;\">\u201cL\u00e0, j\u2019ai pr\u00e9f\u00e9r\u00e9 prendre la voiture parce qu\u2019avec tes bagages, prendre les transports aurait \u00e9t\u00e9 tout un po\u00e8me. Dans ce cas-l\u00e0, il vaut mieux opter pour la voiture ou bien le taxi. Passer les portiques avec des sacs, c\u2019est tout bonnement impossible.\u201d<\/span><br style=\"color: #000000;\" \/><br style=\"color: #000000;\" \/><span style=\"color: #000000;\">Nous sort\u00eemes de la voiture et nous nous r\u00e9part\u00eemes mes affaires pour les monter \u00e0 son appartement.<\/span><br style=\"color: #000000;\" \/><br style=\"color: #000000;\" \/><span style=\"color: #000000;\">\u201cJe suis au sixi\u00e8me \u00e9tage, c\u2019est le dernier avant le grenier&#8230; Et je pr\u00e9f\u00e8re te pr\u00e9venir tout de suite, il n\u2019y a pas d\u2019ascenseur. Cela fait des ann\u00e9es que les locataires et les propri\u00e9taires d\u2019appartements le demandent mais \u00e0 priori, ils n\u2019arrivent pas \u00e0 se mettre d\u2019accord en r\u00e9union de copro. En attendant, c\u2019est toujours un peu sportif&#8230;\u201d<\/span><br style=\"color: #000000;\" \/><br style=\"color: #000000;\" \/><span style=\"color: #000000;\">Et en effet, escalader toutes les marches de l\u2019escalier plut\u00f4t \u00e9troit et pour le moins assez tortueux avant d\u2019arriver sur le palier de l\u2019entr\u00e9e de ma tante se r\u00e9v\u00e9la \u00eatre un exercice plut\u00f4t exigeant. Me voyant essouffl\u00e9, elle ne put s\u2019emp\u00eacher de sourire :<\/span><br style=\"color: #000000;\" \/><br style=\"color: #000000;\" \/><span style=\"color: #000000;\">\u201cTu vois, je t\u2019avais pr\u00e9venu !\u201d<\/span><br style=\"color: #000000;\" \/><br style=\"color: #000000;\" \/><span style=\"color: #000000;\">L\u2019appartement \u00e9tait bien plus grand que ce \u00e0 quoi je m\u2019attendais. Il y avait un petit couloir, un salon, une cuisine, une salle de bain, deux chambres et une pi\u00e8ce dans le fond dont la porte \u00e9tait close. Chaque pi\u00e8ce \u00e9tait d\u00e9cor\u00e9e diff\u00e9remment mais tout s\u2019accordait au niveau de l\u2019ambiance. De plus, l\u2019agencement des meubles faisait en sorte que la surface faisait bien plus grande qu\u2019elle ne l\u2019\u00e9tait r\u00e9ellement. Je ne m\u2019attendais pas vraiment \u00e0 cela. C\u2019\u00e9tait peut-\u00eatre assez b\u00eate de ma part mais je trouvais que l\u2019\u00e2ge apparent de ma tante ne concordait pas avec la superficie de l\u2019appartement. Je n\u2019avais pas vraiment d\u2019exp\u00e9rience sur le sujet mais en la regardant comme cela, je l\u2019aurais log\u00e9e dans un petit studio dans le style post-\u00e9tudiant.<\/span><br style=\"color: #000000;\" \/><br style=\"color: #000000;\" \/><span style=\"color: #000000;\">\u201cViens par ici.\u201d me fit-elle. \u201cVoil\u00e0 ta chambre. On va poser vite fait tes affaires et on les rangera demain. Il se fait tard. Il vaut mieux pr\u00e9parer ton couchage et au lit ! Tu peux utiliser la salle de bain si tu veux te d\u00e9barbouiller avant. Moi je vais m\u2019occuper de mettre des draps et des couvertures pour cette nuit.\u201d<\/span><br style=\"color: #000000;\" \/><br style=\"color: #000000;\" \/><span style=\"color: #000000;\">J\u2019ai acquiesc\u00e9. J\u2019ai pos\u00e9 mon sac et ai pris quelques affaires de toilette. En toute franchise, m\u00eame si je savais que j\u2019allais habiter chez ma tante depuis quelques semaines, j\u2019\u00e9tais un peu g\u00ean\u00e9 de la situation. Pour \u00eatre tout \u00e0 fait honn\u00eate, c\u2019\u00e9tait principalement parce que je ne ne m\u2019attendais pas \u00e0 elle. L\u2019id\u00e9e de partager l\u2019appartement avec elle devenait d\u2019un seul coup un peu plus p\u00e9rilleuse dans ma t\u00eate qu\u2019elle ne l\u2019avait \u00e9t\u00e9 jusque-l\u00e0. Pourtant, il n\u2019y avait pas de raison objective pour \u00e9tayer de quelconques complications et c\u2019\u00e9tait plut\u00f4t \u00e0 moi d\u2019essayer de mettre de c\u00f4t\u00e9 ce sentiment un peu \u00e9trange.<\/span><br style=\"color: #000000;\" \/><br style=\"color: #000000;\" \/><span style=\"color: #000000;\">Je suis all\u00e9 \u00e0 la salle de bain et j\u2019ai laiss\u00e9 ma tante pr\u00e9parer tranquillement le lit. Comme je m\u2019y attendais un peu l\u2019endroit \u00e9tait tr\u00e8s \u201cfille\u201d et j\u2019eus un peu de mal \u00e0 trouver une petite place pour poser mes quelques affaires.<\/span><br style=\"color: #000000;\" \/><br style=\"color: #000000;\" \/><span style=\"color: #000000;\">Gel douche, sels de bains et shampoings en nombre. Quelques tubes de pommades au nom un peu \u00e9trange et \u00e0 la composition qui l\u2019\u00e9tait tout autant. Et surtout, une panoplie de produits de beaut\u00e9 qui m\u2019\u00e9tonna un peu \u00e9tant donn\u00e9 qu\u2019il ne m\u2019avait pas sembl\u00e9 que ma tante se maquillait.<\/span><br style=\"color: #000000;\" \/><br style=\"color: #000000;\" \/><span style=\"color: #000000;\">Une autre chose attira mon attention : c\u2019\u00e9tait que toutes les affaires de toilettes \u00e9taient en double. Un raisonnement logique aurait d\u00e9duit que ma tante n\u2019\u00e9tant pas a priori une nonne, c\u2019\u00e9tait qu\u2019elle laissait en permanence un double d\u2019affaires de toilette pour quelques visiteurs du soir ou de la nuit. Mais l\u2019observation un peu plus pr\u00e9cise venait contrarier cette hypoth\u00e8se : les affaires \u00e9taient r\u00e9solument faites pour la gente f\u00e9minine. Sauf \u00e0 imaginer une sexualit\u00e9 un peu en dehors de la \u201cnorme\u201d pour ma tante, mes suppositions se trouvaient sans fondement.<\/span><br style=\"color: #000000;\" \/><br style=\"color: #000000;\" \/><span style=\"color: #000000;\">M\u00eame si au final, je conclus que de toute mani\u00e8re, tout \u00e7a ne me concernait pas et qu\u2019il ne fallait pas non plus que je commence \u00e0 imaginer des choses, il est certain que cela rajouta \u00e0 ma g\u00eane de d\u00e9barquer ainsi dans l\u2019intimit\u00e9 de ma tante.<\/span><br style=\"color: #000000;\" \/><br style=\"color: #000000;\" \/><span style=\"color: #000000;\">Lorsque je revins dans la chambre, elle avait termin\u00e9 de pr\u00e9parer le lit.<\/span><br style=\"color: #000000;\" \/><br style=\"color: #000000;\" \/><span style=\"color: #000000;\">\u201cJ\u2019ai mis quelques couvertures sur le meuble, ici. Cela m\u2019\u00e9tonnerait beaucoup que tu aies froid mais on ne sait jamais et de plus, je ne sais pas si tu es frileux ou pas.\u201d<\/span><br style=\"color: #000000;\" \/><br style=\"color: #000000;\" \/><span style=\"color: #000000;\">\u201cMerci.\u201d<\/span><br style=\"color: #000000;\" \/><br style=\"color: #000000;\" \/><span style=\"color: #000000;\">\u201c\u00c7a ira ?\u201d<\/span><br style=\"color: #000000;\" \/><br style=\"color: #000000;\" \/><span style=\"color: #000000;\">\u201cC\u2019est parfait.\u201d<\/span><br style=\"color: #000000;\" \/><br style=\"color: #000000;\" \/><span style=\"color: #000000;\">\u201cTant mieux. Je vais aller me passer un petit coup sur la figure et je vais me coucher aussi : je suis crev\u00e9e. On verra les d\u00e9tails sur l\u2019organisation demain matin. On est samedi demain : la grasse matin\u00e9e est autoris\u00e9e !\u201d<\/span><br style=\"color: #000000;\" \/><br style=\"color: #000000;\" \/><span style=\"color: #000000;\">Elle sourit et je ne pus m\u2019emp\u00eacher de faire de m\u00eame. Je ne pus pas non plus m\u2019emp\u00eacher de la trouver jolie. Malgr\u00e9 cela, lorsqu\u2019elle s\u2019approcha de moi pour sortir de la chambre, je ne pus m\u2019emp\u00eacher d\u2019avoir un mouvement de recul. Il \u00e9tait \u00e9vident qu\u2019elle s\u2019appr\u00eatait \u00e0 m\u2019embrasser mais voyant ma r\u00e9action, elle n\u2019insista pas.<\/span><br style=\"color: #000000;\" \/><br style=\"color: #000000;\" \/><span style=\"color: #000000;\">\u201cBonne nuit ?\u201d<\/span><br style=\"color: #000000;\" \/><br style=\"color: #000000;\" \/><span style=\"color: #000000;\">\u201cBonne nuit, oui. Et merci encore&#8230;\u201d<\/span><br style=\"color: #000000;\" \/><br style=\"color: #000000;\" \/><span style=\"color: #000000;\">\u201cSi tu commences \u00e0 me remercier pour chaque nuit que tu vas passer ici, selon toute vraisemblance, tu n\u2019as pas fini.\u201d<\/span><br style=\"color: #000000;\" \/><br style=\"color: #000000;\" \/><span style=\"color: #000000;\">Puis elle s\u2019\u00e9clipsa.<\/span><br style=\"color: #000000;\" \/><br style=\"color: #000000;\" \/><span style=\"color: #000000;\">Je soufflai. J\u2019\u00e9tais effectivement plut\u00f4t fatigu\u00e9 moi aussi par le voyage. Je ne mis pas tr\u00e8s longtemps \u00e0 me glisser sous les draps et \u00e0 \u00e9teindre la lumi\u00e8re. Je jetai un \u0153il sur l\u2019heure : il \u00e9tait une heure moins le quart et je r\u00e9alisai tout doucement que c\u2019\u00e9tait la premi\u00e8re d\u2019une des nombreuses nuits que je passerai dans cet appartement.<\/span><\/p>\n","protected":false},"excerpt":{"rendered":"<p>\u201cEt voil\u00e0, nous sommes arriv\u00e9s !\u201d fit ma tante en serrant le frein \u00e0 main.Je jetai un \u0153il \u00e0 l\u2019ext\u00e9rieur et pour dire la v\u00e9rit\u00e9, si je n\u2019avais pas suivi les diff\u00e9rents panneaux de direction qu\u2019elle avait suivi avant de se garer, j\u2019aurais \u00e9t\u00e9 bien incapable de savoir o\u00f9 j\u2019\u00e9tais.\u201cCe n\u2019est pas Paris m\u00eame mais [&hellip;]<\/p>\n","protected":false},"author":1,"featured_media":0,"parent":2307,"menu_order":2,"comment_status":"open","ping_status":"open","template":"","meta":{"_exactmetrics_skip_tracking":false,"_exactmetrics_sitenote_active":false,"_exactmetrics_sitenote_note":"","_exactmetrics_sitenote_category":0,"jetpack_post_was_ever_published":false,"footnotes":""},"class_list":["post-2318","page","type-page","status-publish","hentry"],"jetpack_sharing_enabled":true,"jetpack_shortlink":"https:\/\/wp.me\/P4SHRd-Bo","_links":{"self":[{"href":"https:\/\/ericlaugier.com\/web\/wp-json\/wp\/v2\/pages\/2318","targetHints":{"allow":["GET"]}}],"collection":[{"href":"https:\/\/ericlaugier.com\/web\/wp-json\/wp\/v2\/pages"}],"about":[{"href":"https:\/\/ericlaugier.com\/web\/wp-json\/wp\/v2\/types\/page"}],"author":[{"embeddable":true,"href":"https:\/\/ericlaugier.com\/web\/wp-json\/wp\/v2\/users\/1"}],"replies":[{"embeddable":true,"href":"https:\/\/ericlaugier.com\/web\/wp-json\/wp\/v2\/comments?post=2318"}],"version-history":[{"count":1,"href":"https:\/\/ericlaugier.com\/web\/wp-json\/wp\/v2\/pages\/2318\/revisions"}],"predecessor-version":[{"id":2319,"href":"https:\/\/ericlaugier.com\/web\/wp-json\/wp\/v2\/pages\/2318\/revisions\/2319"}],"up":[{"embeddable":true,"href":"https:\/\/ericlaugier.com\/web\/wp-json\/wp\/v2\/pages\/2307"}],"wp:attachment":[{"href":"https:\/\/ericlaugier.com\/web\/wp-json\/wp\/v2\/media?parent=2318"}],"curies":[{"name":"wp","href":"https:\/\/api.w.org\/{rel}","templated":true}]}}